{"id":823,"date":"2023-09-15T15:47:24","date_gmt":"2023-09-15T14:47:24","guid":{"rendered":"https:\/\/arnaudbalme.com\/conseil\/"},"modified":"2024-01-18T00:05:32","modified_gmt":"2024-01-17T23:05:32","slug":"conseil","status":"publish","type":"page","link":"https:\/\/arnaudbalme.com\/en\/conseil\/","title":{"rendered":"TEAM LEADERSHIP COACHING"},"content":{"rendered":"\n<div class=\"wp-block-cover alignfull is-light\" style=\"min-height:700px;aspect-ratio:unset;\"><span aria-hidden=\"true\" class=\"wp-block-cover__background has-background-dim-20 has-background-dim\"><\/span><img loading=\"lazy\" decoding=\"async\" width=\"1920\" height=\"700\" class=\"wp-block-cover__image-background wp-image-430\" alt=\"\" src=\"https:\/\/arnaudbalme.com\/wp-content\/uploads\/2023\/10\/arnaud-balme-coaching-conseil-formation-banner-image-booking.png\" data-object-fit=\"cover\" srcset=\"https:\/\/arnaudbalme.com\/wp-content\/uploads\/2023\/10\/arnaud-balme-coaching-conseil-formation-banner-image-booking.png 1920w, https:\/\/arnaudbalme.com\/wp-content\/uploads\/2023\/10\/arnaud-balme-coaching-conseil-formation-banner-image-booking-300x109.png 300w, https:\/\/arnaudbalme.com\/wp-content\/uploads\/2023\/10\/arnaud-balme-coaching-conseil-formation-banner-image-booking-1024x373.png 1024w, https:\/\/arnaudbalme.com\/wp-content\/uploads\/2023\/10\/arnaud-balme-coaching-conseil-formation-banner-image-booking-768x280.png 768w, https:\/\/arnaudbalme.com\/wp-content\/uploads\/2023\/10\/arnaud-balme-coaching-conseil-formation-banner-image-booking-1536x560.png 1536w\" sizes=\"auto, (max-width: 1920px) 100vw, 1920px\" \/><div class=\"wp-block-cover__inner-container is-layout-constrained wp-container-core-cover-is-layout-b5cf6d13 wp-block-cover-is-layout-constrained\">\n<h1 class=\"wp-block-heading has-text-align-center is-style-default has-qr-grey-color has-text-color has-qr-xxx-large-font-size\" style=\"text-transform:uppercase\">TEAM LEADERSHIP COACHING<\/h1>\n\n\n\n<p class=\"has-text-align-center has-qr-grey-color has-text-color has-qr-x-large-font-size\"><\/p>\n<\/div><\/div>\n\n<div class=\"wp-block-group is-layout-constrained wp-container-core-group-is-layout-d2f97c44 wp-block-group-is-layout-constrained\" style=\"margin-top:var(--wp--preset--spacing--100);margin-bottom:var(--wp--preset--spacing--100);padding-right:var(--wp--preset--spacing--50);padding-left:var(--wp--preset--spacing--50)\">\n<p class=\"has-text-align-center is-style-qr-paragraph-quote animated fadeInDown delay-100ms slow has-qr-x-large-font-size\">Helping you unlock your team\u2019s potential, <strong>boost its performance and cohesion<\/strong><\/p>\n<\/div>\n\n<div class=\"wp-block-group has-qr-grey-color has-purple-with-circle-gradient-gradient-background has-text-color has-background is-layout-constrained wp-container-core-group-is-layout-46a1b8ef wp-block-group-is-layout-constrained\" style=\"padding-top:var(--wp--preset--spacing--80);padding-bottom:var(--wp--preset--spacing--80)\">\n<div class=\"wp-block-group is-layout-constrained wp-container-core-group-is-layout-13ab8f23 wp-block-group-is-layout-constrained\" style=\"padding-top:var(--wp--preset--spacing--50);padding-right:var(--wp--preset--spacing--50);padding-bottom:var(--wp--preset--spacing--50);padding-left:var(--wp--preset--spacing--50)\">\n<h2 class=\"wp-block-heading has-text-align-center has-qr-x-large-font-size\" style=\"margin-bottom:var(--wp--preset--spacing--80)\">Would you like to cultivate your team&#8217;s maturity, efficiency and collective intelligence, so that it reaches its full potential by improving communication and interaction among team members?<\/h2>\n\n\n\n<div class=\"wp-block-columns are-vertically-aligned-center is-layout-flex wp-container-core-columns-is-layout-8360a837 wp-block-columns-is-layout-flex\" style=\"padding-top:0;padding-right:0;padding-bottom:0;padding-left:0\">\n<div class=\"wp-block-column is-vertically-aligned-center is-layout-flow wp-block-column-is-layout-flow\">\n<figure class=\"wp-block-image aligncenter size-full has-custom-border is-style-default animated fadeIn slow delay-100ms\"><img loading=\"lazy\" decoding=\"async\" width=\"536\" height=\"715\" src=\"https:\/\/arnaudbalme.com\/wp-content\/uploads\/2023\/09\/arnaud-balme-coaching-conseil-formation-page-conseil-1.png\" alt=\"\" class=\"wp-image-183\" style=\"border-radius:20px\" srcset=\"https:\/\/arnaudbalme.com\/wp-content\/uploads\/2023\/09\/arnaud-balme-coaching-conseil-formation-page-conseil-1.png 536w, https:\/\/arnaudbalme.com\/wp-content\/uploads\/2023\/09\/arnaud-balme-coaching-conseil-formation-page-conseil-1-225x300.png 225w\" sizes=\"auto, (max-width: 536px) 100vw, 536px\" \/><\/figure>\n<\/div>\n\n\n\n<div class=\"wp-block-column is-vertically-aligned-center is-layout-flow wp-block-column-is-layout-flow\">\n<h2 class=\"wp-block-heading has-qr-x-large-font-size\">A specific context<\/h2>\n\n\n\n<p>I intervene to build a solid relationship with you as the leader of your team and guarantee a clear framework for intervention. <\/p>\n\n\n\n<p>I carry out an in-depth analysis of your needs, observe your team and propose tools and workshops to improve everyone&#8217;s performance and well-being, collectively unite around a common vision and project, improve the quality of relationships and the regulation of difficulties, resolve conflicts, create commitment and accountability, generate trust and stimulate everyone&#8217;s commitment and cooperation, as well as strengthen the sense of belonging and collective pride.<\/p>\n\n\n\n<h2 class=\"wp-block-heading has-qr-x-large-font-size\">A rigorous methodology<\/h2>\n\n\n\n<p>precise operational goals, validated by you as the leader of your team, and clear pedagogical goals within the framework of the intervention.<\/p>\n<\/div>\n<\/div>\n<\/div>\n\n\n\n<div class=\"wp-block-group is-layout-constrained wp-container-core-group-is-layout-3e582688 wp-block-group-is-layout-constrained\" style=\"padding-top:var(--wp--preset--spacing--50);padding-right:var(--wp--preset--spacing--50);padding-bottom:var(--wp--preset--spacing--50);padding-left:var(--wp--preset--spacing--50)\">\n<div class=\"wp-block-columns are-vertically-aligned-center is-layout-flex wp-container-core-columns-is-layout-41599187 wp-block-columns-is-layout-flex\" style=\"padding-right:0;padding-left:0\">\n<div class=\"wp-block-column is-vertically-aligned-center is-layout-flow wp-block-column-is-layout-flow\">\n<h2 class=\"wp-block-heading has-qr-x-large-font-size\">A unique approach:<\/h2>\n\n\n\n<p>Les profils de communication et l\u2019inventaire des principes directeurs du mod\u00e8le ComProfiles\u00ae seront le socle du coaching d\u2019\u00e9quipe pour vous accompagner dans l\u2019agilit\u00e9 comportementale et le d\u00e9veloppement de votre \u00e9quipe. The communication profile describes a person&#8217;s behavioral preferences, focusing in particular on their dominant psychological language. It provides a precise description of a person\u2019s unique needs, qualities, weaknesses and specific shortcomings. It proposes an initial development program. <br\/>A person&#8217;s guiding principles correspond to what seems important to them in life. They serve as a compass for making the most important choices. The ComProfiles\u00ae framework is the fruit of over 30 years&#8217; experience in consulting, training and coaching. <br\/>This model, based on neuroscience research, offers effective methods for resolving relational difficulties. In an organization, it is an ally of choice for a fluid and productive working relationship, reinforcing mutual trust and cooperation.<\/p>\n\n\n\n<h2 class=\"wp-block-heading has-qr-x-large-font-size\">Uncompromising ethics<\/h2>\n\n\n\n<p>the emphasis is on team autonomy and confidentiality.<\/p>\n\n\n\n<h2 class=\"wp-block-heading has-qr-x-large-font-size\">Structure<\/h2>\n\n\n\n<p>1 to 3 consecutive days of face-to-face &#8220;off-site&#8221; training.<\/p>\n<\/div>\n\n\n\n<div class=\"wp-block-column is-vertically-aligned-center is-layout-flow wp-block-column-is-layout-flow\">\n<figure class=\"wp-block-image aligncenter size-full has-custom-border is-style-default animated fadeIn delay-100ms slow\"><img loading=\"lazy\" decoding=\"async\" width=\"536\" height=\"780\" src=\"https:\/\/arnaudbalme.com\/wp-content\/uploads\/2023\/09\/arnaud-balme-coaching-conseil-formation-page-conseil-2.png\" alt=\"\" class=\"wp-image-184\" style=\"border-radius:20px;object-fit:cover\" srcset=\"https:\/\/arnaudbalme.com\/wp-content\/uploads\/2023\/09\/arnaud-balme-coaching-conseil-formation-page-conseil-2.png 536w, https:\/\/arnaudbalme.com\/wp-content\/uploads\/2023\/09\/arnaud-balme-coaching-conseil-formation-page-conseil-2-206x300.png 206w\" sizes=\"auto, (max-width: 536px) 100vw, 536px\" \/><\/figure>\n<\/div>\n<\/div>\n\n\n\n<h2 class=\"wp-block-heading has-text-align-center has-qr-x-large-font-size\" style=\"margin-top:var(--wp--preset--spacing--100)\">Price upon request <\/h2>\n\n\n\n<div class=\"wp-block-buttons is-content-justification-center is-layout-flex wp-container-core-buttons-is-layout-a89b3969 wp-block-buttons-is-layout-flex\">\n<div class=\"wp-block-button has-qr-font-nunito-font-family\"><a class=\"wp-block-button__link has-qr-red-color has-white-background-color has-text-color has-background wp-element-button\" href=\"https:\/\/calendly.com\/d\/3hr-hfw-ty6\" style=\"border-radius:5px\" target=\"_blank\" rel=\"noreferrer noopener\">Let&#8217;s go!<\/a><\/div>\n<\/div>\n\n\n\n<p style=\"padding-right:0;padding-left:0\">Book your 30-minute appointment now, prior to a proposed intervention, to explore and clarify your request and answer your questions about how team coaching can unlock your team\u2019s potential and boost its performance.<\/p>\n<\/div>\n<\/div>\n","protected":false},"excerpt":{"rendered":"<p>Helping you unlock your team\u2019s potential, boost its performance and cohesion Would you like to cultivate your team&#8217;s maturity, efficiency and collective intelligence, so that it reaches its full potential by improving communication and interaction among team members? A specific context I intervene to build a solid relationship with you as the leader of your [&hellip;]<\/p>\n","protected":false},"author":2,"featured_media":0,"parent":0,"menu_order":0,"comment_status":"closed","ping_status":"closed","template":"","meta":{"_acf_changed":false,"_eb_attr":"","footnotes":""},"class_list":["post-823","page","type-page","status-publish","hentry"],"acf":[],"_links":{"self":[{"href":"https:\/\/arnaudbalme.com\/en\/wp-json\/wp\/v2\/pages\/823","targetHints":{"allow":["GET"]}}],"collection":[{"href":"https:\/\/arnaudbalme.com\/en\/wp-json\/wp\/v2\/pages"}],"about":[{"href":"https:\/\/arnaudbalme.com\/en\/wp-json\/wp\/v2\/types\/page"}],"author":[{"embeddable":true,"href":"https:\/\/arnaudbalme.com\/en\/wp-json\/wp\/v2\/users\/2"}],"replies":[{"embeddable":true,"href":"https:\/\/arnaudbalme.com\/en\/wp-json\/wp\/v2\/comments?post=823"}],"version-history":[{"count":15,"href":"https:\/\/arnaudbalme.com\/en\/wp-json\/wp\/v2\/pages\/823\/revisions"}],"predecessor-version":[{"id":1429,"href":"https:\/\/arnaudbalme.com\/en\/wp-json\/wp\/v2\/pages\/823\/revisions\/1429"}],"wp:attachment":[{"href":"https:\/\/arnaudbalme.com\/en\/wp-json\/wp\/v2\/media?parent=823"}],"curies":[{"name":"wp","href":"https:\/\/api.w.org\/{rel}","templated":true}]}}